{"id":896,"date":"2025-03-18T18:12:28","date_gmt":"2025-03-18T21:12:28","guid":{"rendered":"http:\/\/lzhstecpol.com.br\/?page_id=896"},"modified":"2025-03-19T14:33:51","modified_gmt":"2025-03-19T17:33:51","slug":"termos-de-uso","status":"publish","type":"page","link":"https:\/\/lzhstecpol.com.br\/en\/termos-de-uso\/","title":{"rendered":"Terms of Use"},"content":{"rendered":"<div data-elementor-type=\"wp-page\" data-elementor-id=\"896\" class=\"elementor elementor-896\" data-elementor-post-type=\"page\">\n\t\t\t\t<div class=\"elementor-element elementor-element-388f655 e-flex e-con-boxed e-con e-parent\" data-id=\"388f655\" data-element_type=\"container\" data-settings=\"{&quot;background_background&quot;:&quot;classic&quot;}\">\n\t\t\t\t\t<div class=\"e-con-inner\">\n\t\t\t\t<div class=\"elementor-element elementor-element-562f7b8 elementor-widget__width-initial elementor-widget-mobile__width-initial elementor-widget elementor-widget-button\" data-id=\"562f7b8\" data-element_type=\"widget\" data-widget_type=\"button.default\">\n\t\t\t\t<div class=\"elementor-widget-container\">\n\t\t\t\t\t\t\t\t\t<div class=\"elementor-button-wrapper\">\n\t\t\t\t\t<a class=\"elementor-button elementor-button-link elementor-size-sm\" href=\"http:\/\/lzhstecpol.com.br\/en\/\">\n\t\t\t\t\t\t<span class=\"elementor-button-content-wrapper\">\n\t\t\t\t\t\t<span class=\"elementor-button-icon\">\n\t\t\t\t<i aria-hidden=\"true\" class=\"hm hm-arrow-left\"><\/i>\t\t\t<\/span>\n\t\t\t\t\t\t\t\t\t<span class=\"elementor-button-text\">Return to website<\/span>\n\t\t\t\t\t<\/span>\n\t\t\t\t\t<\/a>\n\t\t\t\t<\/div>\n\t\t\t\t\t\t\t\t<\/div>\n\t\t\t\t<\/div>\n\t\t\t\t<div class=\"elementor-element elementor-element-2f75cf7 elementor-nav-menu__align-end elementor-nav-menu--dropdown-none elementor-widget__width-initial elementor-widget elementor-widget-nav-menu\" data-id=\"2f75cf7\" data-element_type=\"widget\" data-settings=\"{&quot;layout&quot;:&quot;horizontal&quot;,&quot;submenu_icon&quot;:{&quot;value&quot;:&quot;&lt;svg class=\\&quot;e-font-icon-svg e-fas-caret-down\\&quot; viewBox=\\&quot;0 0 320 512\\&quot; xmlns=\\&quot;http:\\\/\\\/www.w3.org\\\/2000\\\/svg\\&quot;&gt;&lt;path d=\\&quot;M31.3 192h257.3c17.8 0 26.7 21.5 14.1 34.1L174.1 354.8c-7.8 7.8-20.5 7.8-28.3 0L17.2 226.1C4.6 213.5 13.5 192 31.3 192z\\&quot;&gt;&lt;\\\/path&gt;&lt;\\\/svg&gt;&quot;,&quot;library&quot;:&quot;fa-solid&quot;}}\" data-widget_type=\"nav-menu.default\">\n\t\t\t\t<div class=\"elementor-widget-container\">\n\t\t\t\t\t\t\t\t<nav aria-label=\"Menu\" class=\"elementor-nav-menu--main elementor-nav-menu__container elementor-nav-menu--layout-horizontal e--pointer-none\">\n\t\t\t\t<ul id=\"menu-1-2f75cf7\" class=\"elementor-nav-menu\"><li class=\"trp-language-switcher-container menu-item menu-item-type-post_type menu-item-object-language_switcher current-language-menu-item menu-item-708\"><a href=\"https:\/\/lzhstecpol.com.br\/en\/wp-json\/wp\/v2\/pages\/896\" class=\"elementor-item elementor-item-anchor\"><span data-no-translation><img decoding=\"async\" class=\"trp-flag-image\" src=\"https:\/\/lzhstecpol.com.br\/wp-content\/plugins\/translatepress-multilingual\/assets\/images\/flags\/en_US.png\" width=\"18\" height=\"12\" alt=\"en_US\" title=\"English\"><span class=\"trp-ls-language-name\">EN<\/span><\/span><\/a><\/li>\n<li class=\"trp-language-switcher-container menu-item menu-item-type-post_type menu-item-object-language_switcher current-language-menu-item menu-item-709\"><a href=\"https:\/\/lzhstecpol.com.br\/en\/wp-json\/wp\/v2\/pages\/896\" class=\"elementor-item elementor-item-anchor\"><span data-no-translation><img decoding=\"async\" class=\"trp-flag-image\" src=\"https:\/\/lzhstecpol.com.br\/wp-content\/plugins\/translatepress-multilingual\/assets\/images\/flags\/pt_BR.png\" width=\"18\" height=\"12\" alt=\"pt_BR\" title=\"Portugu\u00eas do Brasil\"><span class=\"trp-ls-language-name\">PT<\/span><\/span><\/a><\/li>\n<\/ul>\t\t\t<\/nav>\n\t\t\t\t\t\t<nav class=\"elementor-nav-menu--dropdown elementor-nav-menu__container\" aria-hidden=\"true\">\n\t\t\t\t<ul id=\"menu-2-2f75cf7\" class=\"elementor-nav-menu\"><li class=\"trp-language-switcher-container menu-item menu-item-type-post_type menu-item-object-language_switcher current-language-menu-item menu-item-708\"><a href=\"https:\/\/lzhstecpol.com.br\/en\/wp-json\/wp\/v2\/pages\/896\" class=\"elementor-item elementor-item-anchor\" tabindex=\"-1\"><span data-no-translation><img decoding=\"async\" class=\"trp-flag-image\" src=\"https:\/\/lzhstecpol.com.br\/wp-content\/plugins\/translatepress-multilingual\/assets\/images\/flags\/en_US.png\" width=\"18\" height=\"12\" alt=\"en_US\" title=\"English\"><span class=\"trp-ls-language-name\">EN<\/span><\/span><\/a><\/li>\n<li class=\"trp-language-switcher-container menu-item menu-item-type-post_type menu-item-object-language_switcher current-language-menu-item menu-item-709\"><a href=\"https:\/\/lzhstecpol.com.br\/en\/wp-json\/wp\/v2\/pages\/896\" class=\"elementor-item elementor-item-anchor\" tabindex=\"-1\"><span data-no-translation><img decoding=\"async\" class=\"trp-flag-image\" src=\"https:\/\/lzhstecpol.com.br\/wp-content\/plugins\/translatepress-multilingual\/assets\/images\/flags\/pt_BR.png\" width=\"18\" height=\"12\" alt=\"pt_BR\" title=\"Portugu\u00eas do Brasil\"><span class=\"trp-ls-language-name\">PT<\/span><\/span><\/a><\/li>\n<\/ul>\t\t\t<\/nav>\n\t\t\t\t\t\t<\/div>\n\t\t\t\t<\/div>\n\t\t\t\t\t<\/div>\n\t\t\t\t<\/div>\n\t\t<div class=\"elementor-element elementor-element-438973f e-flex e-con-boxed e-con e-parent\" data-id=\"438973f\" data-element_type=\"container\">\n\t\t\t\t\t<div class=\"e-con-inner\">\n\t\t\t\t<div class=\"elementor-element elementor-element-765e2b4 elementor-widget__width-initial elementor-widget-mobile__width-inherit elementor-widget elementor-widget-text-editor\" data-id=\"765e2b4\" data-element_type=\"widget\" data-widget_type=\"text-editor.default\">\n\t\t\t\t<div class=\"elementor-widget-container\">\n\t\t\t\t\t\t\t\t\t<h2><strong>Terms of Use<\/strong><\/h2><h4><strong>1. Acceptance of Terms<\/strong><\/h4><p>By accessing the <strong>LZHS \u2013 Polymer Technology website<\/strong>you agree to comply with the terms of service, as well as all applicable laws and regulations. If you do not agree with any of these terms, you are prohibited from using or accessing this website. All materials contained on this website are protected by applicable copyright and trademark laws.<\/p><h4><strong>2. Use of License<\/strong><\/h4><p>Permission is granted temporarily to download one copy of materials (information or software) from the <strong>LZHS \u2013 Polymer Technology website<\/strong>solely for your personal, non-commercial use. This grant constitutes a license to use, not a transfer of title. Under this license, you may not:<\/p><ul><li>\u2022\tModify or copy the materials;<\/li><li>\u2022\tUse the materials for any commercial purpose or for any public display (commercial or non-commercial);<\/li><li>\u2022\tAttempt to decompile or reverse engineer any software contained on the website;<\/li><li>\u2022\tRemove any copyright or other proprietary notices from the materials;<\/li><li>\u2022\tTransfer the materials to third parties or mirror them on another server.<\/li><\/ul><p>\u2022\tThis license will automatically terminate if any of these restrictions are violated and may be terminated at any time by <strong>LZHS \u2013 Polymer Technology website<\/strong>Upon termination of the license, you must delete all downloaded materials, whether electronic or printed.<\/p><h4><strong>3. Disclaimer<\/strong><\/h4><p>The materials available on the <strong>LZHS \u2013 Polymer Technology website<\/strong> are provided \u201cas is\u201d, without warranty of any kind, either express or implied. The company disclaims all warranties, including, without limitation, implied warranties of merchantability, fitness for a particular purpose, or non-infringement of intellectual property.In addition, <strong>LZHS \u2013 Polymer Technology website<\/strong> does not guarantee the accuracy, reliability, or results of the use of the materials available on the website or on linked websites.<\/p><h4><strong>4. Limitations of Liability<\/strong><\/h4><p>In no event shall <strong>LZHS \u2013 Polymer Technology website<\/strong> or its suppliers be liable for any damages (including, without limitation, loss of data, loss of profits, or business interruption) resulting from the use of or inability to use the materials on the website, even if the company has been advised of the possibility of such damages. Some jurisdictions do not allow limitations on implied warranties or liability for incidental or consequential damages, so these limitations may not apply to you.<\/p><h4><strong>5. Accuracy of Materials<\/strong><\/h4><p>The materials designed on the <strong>LZHS \u2013 Polymer Technology website<\/strong> may contain technical, typographical, or photographic errors. The company does not guarantee that any material on the website is accurate, complete, or up-to-date <strong>LZHS \u2013 Polymer Technology website<\/strong> may modify the materials available on the website at any time without notice, but does not undertake to update them regularly.<\/p><h4><strong>6. Links to Third Parties<\/strong><\/h4><p>A <strong>LZHS \u2013 Polymer Technology website<\/strong> does not review all websites linked to its domain and is not responsible for the content of any external website. The inclusion of links does not imply endorsement by the company. The use of any website is the sole responsibility of the user.<\/p><h4><strong>7. Modifications to the Terms of Service<\/strong><\/h4><p>A <strong>LZHS \u2013 Polymer Technology website<\/strong> may revise these terms of service at any time, without prior notice. By continuing to use the website, you agree to the most recent version of the terms.<\/p><h4><strong>8. Applicable Law<\/strong><\/h4><p>These terms and conditions are governed by and construed in accordance with the laws in force in the territory of <strong>LZHS \u2013 Polymer Technology website<\/strong>Any dispute or controversy related to this document will be submitted to the exclusive jurisdiction of the competent courts of the location where the company is requir.<\/p>\t\t\t\t\t\t\t\t<\/div>\n\t\t\t\t<\/div>\n\t\t\t\t\t<\/div>\n\t\t\t\t<\/div>\n\t\t\t\t<\/div>","protected":false},"excerpt":{"rendered":"<p>Voltar para o site Termos de Uso 1. Aceita\u00e7\u00e3o dos Termos Ao acessar o site da LZHS &#8211; Tecnologia de Pol\u00edmeros, voc\u00ea concorda em cumprir estes termos de servi\u00e7o, bem como todas as leis e regulamentos aplic\u00e1veis. Caso n\u00e3o concorde com algum desses termos, fica proibido de utilizar ou acessar este site. Todos os materiais [&hellip;]<\/p>","protected":false},"author":1,"featured_media":0,"parent":0,"menu_order":0,"comment_status":"closed","ping_status":"closed","template":"elementor_canvas","meta":{"footnotes":""},"class_list":["post-896","page","type-page","status-publish","hentry"],"_links":{"self":[{"href":"https:\/\/lzhstecpol.com.br\/en\/wp-json\/wp\/v2\/pages\/896","targetHints":{"allow":["GET"]}}],"collection":[{"href":"https:\/\/lzhstecpol.com.br\/en\/wp-json\/wp\/v2\/pages"}],"about":[{"href":"https:\/\/lzhstecpol.com.br\/en\/wp-json\/wp\/v2\/types\/page"}],"author":[{"embeddable":true,"href":"https:\/\/lzhstecpol.com.br\/en\/wp-json\/wp\/v2\/users\/1"}],"replies":[{"embeddable":true,"href":"https:\/\/lzhstecpol.com.br\/en\/wp-json\/wp\/v2\/comments?post=896"}],"version-history":[{"count":0,"href":"https:\/\/lzhstecpol.com.br\/en\/wp-json\/wp\/v2\/pages\/896\/revisions"}],"wp:attachment":[{"href":"https:\/\/lzhstecpol.com.br\/en\/wp-json\/wp\/v2\/media?parent=896"}],"curies":[{"name":"wp","href":"https:\/\/api.w.org\/{rel}","templated":true}]}}