{"id":874,"date":"2025-03-18T18:04:56","date_gmt":"2025-03-18T21:04:56","guid":{"rendered":"http:\/\/lzhstecpol.com.br\/?page_id=874"},"modified":"2025-03-19T14:32:14","modified_gmt":"2025-03-19T17:32:14","slug":"politicas-de-privacidade","status":"publish","type":"page","link":"https:\/\/lzhstecpol.com.br\/pt\/politicas-de-privacidade\/","title":{"rendered":"Pol\u00edticas de Privacidade"},"content":{"rendered":"\t\t<div data-elementor-type=\"wp-page\" data-elementor-id=\"874\" class=\"elementor elementor-874\" data-elementor-post-type=\"page\">\n\t\t\t\t<div class=\"elementor-element elementor-element-3a0e5b9 e-flex e-con-boxed e-con e-parent\" data-id=\"3a0e5b9\" data-element_type=\"container\" data-settings=\"{&quot;background_background&quot;:&quot;classic&quot;}\">\n\t\t\t\t\t<div class=\"e-con-inner\">\n\t\t\t\t<div class=\"elementor-element elementor-element-e84ae7d elementor-widget__width-initial elementor-widget-mobile__width-initial elementor-widget elementor-widget-button\" data-id=\"e84ae7d\" data-element_type=\"widget\" data-widget_type=\"button.default\">\n\t\t\t\t<div class=\"elementor-widget-container\">\n\t\t\t\t\t\t\t\t\t<div class=\"elementor-button-wrapper\">\n\t\t\t\t\t<a class=\"elementor-button elementor-button-link elementor-size-sm\" href=\"http:\/\/lzhstecpol.com.br\/\">\n\t\t\t\t\t\t<span class=\"elementor-button-content-wrapper\">\n\t\t\t\t\t\t<span class=\"elementor-button-icon\">\n\t\t\t\t<i aria-hidden=\"true\" class=\"hm hm-arrow-left\"><\/i>\t\t\t<\/span>\n\t\t\t\t\t\t\t\t\t<span class=\"elementor-button-text\">Voltar para o site<\/span>\n\t\t\t\t\t<\/span>\n\t\t\t\t\t<\/a>\n\t\t\t\t<\/div>\n\t\t\t\t\t\t\t\t<\/div>\n\t\t\t\t<\/div>\n\t\t\t\t<div class=\"elementor-element elementor-element-81a26aa elementor-nav-menu__align-end elementor-nav-menu--dropdown-none elementor-widget__width-initial elementor-widget elementor-widget-nav-menu\" data-id=\"81a26aa\" data-element_type=\"widget\" data-settings=\"{&quot;layout&quot;:&quot;horizontal&quot;,&quot;submenu_icon&quot;:{&quot;value&quot;:&quot;&lt;svg class=\\&quot;e-font-icon-svg e-fas-caret-down\\&quot; viewBox=\\&quot;0 0 320 512\\&quot; xmlns=\\&quot;http:\\\/\\\/www.w3.org\\\/2000\\\/svg\\&quot;&gt;&lt;path d=\\&quot;M31.3 192h257.3c17.8 0 26.7 21.5 14.1 34.1L174.1 354.8c-7.8 7.8-20.5 7.8-28.3 0L17.2 226.1C4.6 213.5 13.5 192 31.3 192z\\&quot;&gt;&lt;\\\/path&gt;&lt;\\\/svg&gt;&quot;,&quot;library&quot;:&quot;fa-solid&quot;}}\" data-widget_type=\"nav-menu.default\">\n\t\t\t\t<div class=\"elementor-widget-container\">\n\t\t\t\t\t\t\t\t<nav aria-label=\"Menu\" class=\"elementor-nav-menu--main elementor-nav-menu__container elementor-nav-menu--layout-horizontal e--pointer-none\">\n\t\t\t\t<ul id=\"menu-1-81a26aa\" class=\"elementor-nav-menu\"><li class=\"trp-language-switcher-container menu-item menu-item-type-post_type menu-item-object-language_switcher current-language-menu-item menu-item-708\"><a href=\"https:\/\/lzhstecpol.com.br\/pt\/wp-json\/wp\/v2\/pages\/874\" class=\"elementor-item\"><span data-no-translation><img decoding=\"async\" class=\"trp-flag-image\" src=\"https:\/\/lzhstecpol.com.br\/wp-content\/plugins\/translatepress-multilingual\/assets\/images\/flags\/en_US.png\" width=\"18\" height=\"12\" alt=\"en_US\" title=\"English\"><span class=\"trp-ls-language-name\">EN<\/span><\/span><\/a><\/li>\n<li class=\"trp-language-switcher-container menu-item menu-item-type-post_type menu-item-object-language_switcher current-language-menu-item menu-item-709\"><a href=\"https:\/\/lzhstecpol.com.br\/pt\/wp-json\/wp\/v2\/pages\/874\" class=\"elementor-item\"><span data-no-translation><img decoding=\"async\" class=\"trp-flag-image\" src=\"https:\/\/lzhstecpol.com.br\/wp-content\/plugins\/translatepress-multilingual\/assets\/images\/flags\/pt_BR.png\" width=\"18\" height=\"12\" alt=\"pt_BR\" title=\"Portugu\u00eas do Brasil\"><span class=\"trp-ls-language-name\">PT<\/span><\/span><\/a><\/li>\n<\/ul>\t\t\t<\/nav>\n\t\t\t\t\t\t<nav class=\"elementor-nav-menu--dropdown elementor-nav-menu__container\" aria-hidden=\"true\">\n\t\t\t\t<ul id=\"menu-2-81a26aa\" class=\"elementor-nav-menu\"><li class=\"trp-language-switcher-container menu-item menu-item-type-post_type menu-item-object-language_switcher current-language-menu-item menu-item-708\"><a href=\"https:\/\/lzhstecpol.com.br\/pt\/wp-json\/wp\/v2\/pages\/874\" class=\"elementor-item\" tabindex=\"-1\"><span data-no-translation><img decoding=\"async\" class=\"trp-flag-image\" src=\"https:\/\/lzhstecpol.com.br\/wp-content\/plugins\/translatepress-multilingual\/assets\/images\/flags\/en_US.png\" width=\"18\" height=\"12\" alt=\"en_US\" title=\"English\"><span class=\"trp-ls-language-name\">EN<\/span><\/span><\/a><\/li>\n<li class=\"trp-language-switcher-container menu-item menu-item-type-post_type menu-item-object-language_switcher current-language-menu-item menu-item-709\"><a href=\"https:\/\/lzhstecpol.com.br\/pt\/wp-json\/wp\/v2\/pages\/874\" class=\"elementor-item\" tabindex=\"-1\"><span data-no-translation><img decoding=\"async\" class=\"trp-flag-image\" src=\"https:\/\/lzhstecpol.com.br\/wp-content\/plugins\/translatepress-multilingual\/assets\/images\/flags\/pt_BR.png\" width=\"18\" height=\"12\" alt=\"pt_BR\" title=\"Portugu\u00eas do Brasil\"><span class=\"trp-ls-language-name\">PT<\/span><\/span><\/a><\/li>\n<\/ul>\t\t\t<\/nav>\n\t\t\t\t\t\t<\/div>\n\t\t\t\t<\/div>\n\t\t\t\t\t<\/div>\n\t\t\t\t<\/div>\n\t\t<div class=\"elementor-element elementor-element-438973f e-flex e-con-boxed e-con e-parent\" data-id=\"438973f\" data-element_type=\"container\">\n\t\t\t\t\t<div class=\"e-con-inner\">\n\t\t\t\t<div class=\"elementor-element elementor-element-765e2b4 elementor-widget__width-initial elementor-widget-mobile__width-inherit elementor-widget elementor-widget-text-editor\" data-id=\"765e2b4\" data-element_type=\"widget\" data-widget_type=\"text-editor.default\">\n\t\t\t\t<div class=\"elementor-widget-container\">\n\t\t\t\t\t\t\t\t\t<h2><strong>Pol\u00edtica de Privacidade<\/strong><\/h2><p>A sua privacidade \u00e9 importante para n\u00f3s. Por isso, a LZHS &#8211; Tecnologia de Pol\u00edmeros respeita a sua privacidade em rela\u00e7\u00e3o a qualquer informa\u00e7\u00e3o que possamos coletar no site LZHS &#8211; Tecnologia de Pol\u00edmeros e em outros sites que possu\u00edmos e operamos.<\/p><h3><strong>Coleta e Uso de Informa\u00e7\u00f5es<\/strong><\/h3><p>Solicitamos informa\u00e7\u00f5es pessoais apenas quando realmente necess\u00e1rias para fornecer um servi\u00e7o. Fazemos isso por meios justos e legais, sempre com o seu conhecimento e consentimento. Tamb\u00e9m informamos por que estamos coletando esses dados e como ser\u00e3o utilizados.<\/p><p>As informa\u00e7\u00f5es coletadas s\u00e3o retidas apenas pelo tempo necess\u00e1rio para fornecer o servi\u00e7o solicitado. Quando armazenamos dados, utilizamos medidas comercialmente aceit\u00e1veis para proteg\u00ea-los contra perda, roubo, acesso, divulga\u00e7\u00e3o, c\u00f3pia, uso ou modifica\u00e7\u00e3o n\u00e3o autorizados.<\/p><p>N\u00e3o compartilhamos informa\u00e7\u00f5es de identifica\u00e7\u00e3o pessoal publicamente ou com terceiros, exceto quando exigido por lei.<\/p><p>Nosso site pode conter links para sites externos que n\u00e3o s\u00e3o operados por n\u00f3s. N\u00e3o temos controle sobre o conte\u00fado e as pr\u00e1ticas desses sites e n\u00e3o podemos nos responsabilizar por suas respectivas pol\u00edticas de privacidade.<\/p><p>Voc\u00ea tem a liberdade de recusar nossa solicita\u00e7\u00e3o de informa\u00e7\u00f5es pessoais, compreendendo que talvez n\u00e3o possamos fornecer determinados servi\u00e7os desejados.<\/p><p>O uso continuado do nosso site ser\u00e1 considerado como aceita\u00e7\u00e3o das nossas pr\u00e1ticas de privacidade e manuseio de informa\u00e7\u00f5es pessoais. Caso tenha alguma d\u00favida sobre como tratamos os dados dos usu\u00e1rios, entre em contato conosco.<\/p><h3><strong>Uso de Cookies e Publicidade<\/strong><\/h3><p>O servi\u00e7o Google AdSense que utilizamos para veicular publicidade usa um cookie DoubleClick para fornecer an\u00fancios mais relevantes e limitar a quantidade de vezes que um determinado an\u00fancio \u00e9 exibido para voc\u00ea. Para mais informa\u00e7\u00f5es, consulte as FAQs oficiais sobre privacidade do Google AdSense.<\/p><p>Utilizamos an\u00fancios para cobrir os custos operacionais deste site e financiar futuros desenvolvimentos. Os cookies de publicidade comportamental permitem que os an\u00fancios exibidos sejam mais relevantes para voc\u00ea, rastreando anonimamente seus interesses e apresentando conte\u00fados semelhantes que possam ser do seu agrado.<\/p><p>Alguns parceiros anunciam em nosso nome e os cookies de rastreamento de afiliados permitem verificar se voc\u00ea acessou nosso site por meio de um de nossos parceiros, garantindo que possamos credit\u00e1-los adequadamente. Quando aplic\u00e1vel, esses parceiros podem oferecer promo\u00e7\u00f5es relacionadas \u00e0 sua compra.<\/p><h3><strong>Compromisso do Usu\u00e1rio<\/strong><\/h3><p>Ao utilizar nosso site, voc\u00ea se compromete a:<\/p><p>A) N\u00e3o se envolver em atividades ilegais ou contr\u00e1rias \u00e0 boa-f\u00e9 e \u00e0 ordem p\u00fablica; B) N\u00e3o disseminar conte\u00fados de car\u00e1ter discriminat\u00f3rio, racista, xenof\u00f3bico, violento, pornogr\u00e1fico ilegal, de apologia ao terrorismo ou contr\u00e1rio aos direitos humanos; C) N\u00e3o causar danos aos sistemas f\u00edsicos (hardware) e l\u00f3gicos (software) da LZHS &#8211; Tecnologia de Pol\u00edmeros, seus fornecedores ou terceiros, incluindo a introdu\u00e7\u00e3o de v\u00edrus ou qualquer outro c\u00f3digo malicioso.<\/p><h3><strong>Mais Informa\u00e7\u00f5es<\/strong><\/h3><p>Esperamos que esta pol\u00edtica tenha esclarecido suas d\u00favidas. Como mencionado anteriormente, se houver algo que voc\u00ea n\u00e3o tem certeza se precisa ou n\u00e3o, geralmente \u00e9 mais seguro manter os cookies ativados, caso interaja com algum dos recursos do nosso site.<\/p><p>Esta pol\u00edtica \u00e9 efetiva a partir de 18 de mar\u00e7o de 2025.<\/p>\t\t\t\t\t\t\t\t<\/div>\n\t\t\t\t<\/div>\n\t\t\t\t\t<\/div>\n\t\t\t\t<\/div>\n\t\t\t\t<\/div>\n\t\t","protected":false},"excerpt":{"rendered":"<p>Voltar para o site Pol\u00edtica de Privacidade A sua privacidade \u00e9 importante para n\u00f3s. Por isso, a LZHS &#8211; Tecnologia de Pol\u00edmeros respeita a sua privacidade em rela\u00e7\u00e3o a qualquer informa\u00e7\u00e3o que possamos coletar no site LZHS &#8211; Tecnologia de Pol\u00edmeros e em outros sites que possu\u00edmos e operamos. Coleta e Uso de Informa\u00e7\u00f5es Solicitamos [&hellip;]<\/p>\n","protected":false},"author":1,"featured_media":0,"parent":0,"menu_order":0,"comment_status":"closed","ping_status":"closed","template":"elementor_canvas","meta":{"footnotes":""},"class_list":["post-874","page","type-page","status-publish","hentry"],"_links":{"self":[{"href":"https:\/\/lzhstecpol.com.br\/pt\/wp-json\/wp\/v2\/pages\/874","targetHints":{"allow":["GET"]}}],"collection":[{"href":"https:\/\/lzhstecpol.com.br\/pt\/wp-json\/wp\/v2\/pages"}],"about":[{"href":"https:\/\/lzhstecpol.com.br\/pt\/wp-json\/wp\/v2\/types\/page"}],"author":[{"embeddable":true,"href":"https:\/\/lzhstecpol.com.br\/pt\/wp-json\/wp\/v2\/users\/1"}],"replies":[{"embeddable":true,"href":"https:\/\/lzhstecpol.com.br\/pt\/wp-json\/wp\/v2\/comments?post=874"}],"version-history":[{"count":0,"href":"https:\/\/lzhstecpol.com.br\/pt\/wp-json\/wp\/v2\/pages\/874\/revisions"}],"wp:attachment":[{"href":"https:\/\/lzhstecpol.com.br\/pt\/wp-json\/wp\/v2\/media?parent=874"}],"curies":[{"name":"wp","href":"https:\/\/api.w.org\/{rel}","templated":true}]}}