{"id":896,"date":"2025-03-18T18:12:28","date_gmt":"2025-03-18T21:12:28","guid":{"rendered":"http:\/\/lzhstecpol.com.br\/?page_id=896"},"modified":"2025-03-19T14:33:51","modified_gmt":"2025-03-19T17:33:51","slug":"termos-de-uso","status":"publish","type":"page","link":"https:\/\/lzhstecpol.com.br\/pt\/termos-de-uso\/","title":{"rendered":"Termos de Uso"},"content":{"rendered":"\t\t<div data-elementor-type=\"wp-page\" data-elementor-id=\"896\" class=\"elementor elementor-896\" data-elementor-post-type=\"page\">\n\t\t\t\t<div class=\"elementor-element elementor-element-388f655 e-flex e-con-boxed e-con e-parent\" data-id=\"388f655\" data-element_type=\"container\" data-settings=\"{&quot;background_background&quot;:&quot;classic&quot;}\">\n\t\t\t\t\t<div class=\"e-con-inner\">\n\t\t\t\t<div class=\"elementor-element elementor-element-562f7b8 elementor-widget__width-initial elementor-widget-mobile__width-initial elementor-widget elementor-widget-button\" data-id=\"562f7b8\" data-element_type=\"widget\" data-widget_type=\"button.default\">\n\t\t\t\t<div class=\"elementor-widget-container\">\n\t\t\t\t\t\t\t\t\t<div class=\"elementor-button-wrapper\">\n\t\t\t\t\t<a class=\"elementor-button elementor-button-link elementor-size-sm\" href=\"http:\/\/lzhstecpol.com.br\/\">\n\t\t\t\t\t\t<span class=\"elementor-button-content-wrapper\">\n\t\t\t\t\t\t<span class=\"elementor-button-icon\">\n\t\t\t\t<i aria-hidden=\"true\" class=\"hm hm-arrow-left\"><\/i>\t\t\t<\/span>\n\t\t\t\t\t\t\t\t\t<span class=\"elementor-button-text\">Voltar para o site<\/span>\n\t\t\t\t\t<\/span>\n\t\t\t\t\t<\/a>\n\t\t\t\t<\/div>\n\t\t\t\t\t\t\t\t<\/div>\n\t\t\t\t<\/div>\n\t\t\t\t<div class=\"elementor-element elementor-element-2f75cf7 elementor-nav-menu__align-end elementor-nav-menu--dropdown-none elementor-widget__width-initial elementor-widget elementor-widget-nav-menu\" data-id=\"2f75cf7\" data-element_type=\"widget\" data-settings=\"{&quot;layout&quot;:&quot;horizontal&quot;,&quot;submenu_icon&quot;:{&quot;value&quot;:&quot;&lt;svg class=\\&quot;e-font-icon-svg e-fas-caret-down\\&quot; viewBox=\\&quot;0 0 320 512\\&quot; xmlns=\\&quot;http:\\\/\\\/www.w3.org\\\/2000\\\/svg\\&quot;&gt;&lt;path d=\\&quot;M31.3 192h257.3c17.8 0 26.7 21.5 14.1 34.1L174.1 354.8c-7.8 7.8-20.5 7.8-28.3 0L17.2 226.1C4.6 213.5 13.5 192 31.3 192z\\&quot;&gt;&lt;\\\/path&gt;&lt;\\\/svg&gt;&quot;,&quot;library&quot;:&quot;fa-solid&quot;}}\" data-widget_type=\"nav-menu.default\">\n\t\t\t\t<div class=\"elementor-widget-container\">\n\t\t\t\t\t\t\t\t<nav aria-label=\"Menu\" class=\"elementor-nav-menu--main elementor-nav-menu__container elementor-nav-menu--layout-horizontal e--pointer-none\">\n\t\t\t\t<ul id=\"menu-1-2f75cf7\" class=\"elementor-nav-menu\"><li class=\"trp-language-switcher-container menu-item menu-item-type-post_type menu-item-object-language_switcher current-language-menu-item menu-item-708\"><a href=\"https:\/\/lzhstecpol.com.br\/pt\/wp-json\/wp\/v2\/pages\/896\" class=\"elementor-item\"><span data-no-translation><img decoding=\"async\" class=\"trp-flag-image\" src=\"https:\/\/lzhstecpol.com.br\/wp-content\/plugins\/translatepress-multilingual\/assets\/images\/flags\/en_US.png\" width=\"18\" height=\"12\" alt=\"en_US\" title=\"English\"><span class=\"trp-ls-language-name\">EN<\/span><\/span><\/a><\/li>\n<li class=\"trp-language-switcher-container menu-item menu-item-type-post_type menu-item-object-language_switcher current-language-menu-item menu-item-709\"><a href=\"https:\/\/lzhstecpol.com.br\/pt\/wp-json\/wp\/v2\/pages\/896\" class=\"elementor-item\"><span data-no-translation><img decoding=\"async\" class=\"trp-flag-image\" src=\"https:\/\/lzhstecpol.com.br\/wp-content\/plugins\/translatepress-multilingual\/assets\/images\/flags\/pt_BR.png\" width=\"18\" height=\"12\" alt=\"pt_BR\" title=\"Portugu\u00eas do Brasil\"><span class=\"trp-ls-language-name\">PT<\/span><\/span><\/a><\/li>\n<\/ul>\t\t\t<\/nav>\n\t\t\t\t\t\t<nav class=\"elementor-nav-menu--dropdown elementor-nav-menu__container\" aria-hidden=\"true\">\n\t\t\t\t<ul id=\"menu-2-2f75cf7\" class=\"elementor-nav-menu\"><li class=\"trp-language-switcher-container menu-item menu-item-type-post_type menu-item-object-language_switcher current-language-menu-item menu-item-708\"><a href=\"https:\/\/lzhstecpol.com.br\/pt\/wp-json\/wp\/v2\/pages\/896\" class=\"elementor-item\" tabindex=\"-1\"><span data-no-translation><img decoding=\"async\" class=\"trp-flag-image\" src=\"https:\/\/lzhstecpol.com.br\/wp-content\/plugins\/translatepress-multilingual\/assets\/images\/flags\/en_US.png\" width=\"18\" height=\"12\" alt=\"en_US\" title=\"English\"><span class=\"trp-ls-language-name\">EN<\/span><\/span><\/a><\/li>\n<li class=\"trp-language-switcher-container menu-item menu-item-type-post_type menu-item-object-language_switcher current-language-menu-item menu-item-709\"><a href=\"https:\/\/lzhstecpol.com.br\/pt\/wp-json\/wp\/v2\/pages\/896\" class=\"elementor-item\" tabindex=\"-1\"><span data-no-translation><img decoding=\"async\" class=\"trp-flag-image\" src=\"https:\/\/lzhstecpol.com.br\/wp-content\/plugins\/translatepress-multilingual\/assets\/images\/flags\/pt_BR.png\" width=\"18\" height=\"12\" alt=\"pt_BR\" title=\"Portugu\u00eas do Brasil\"><span class=\"trp-ls-language-name\">PT<\/span><\/span><\/a><\/li>\n<\/ul>\t\t\t<\/nav>\n\t\t\t\t\t\t<\/div>\n\t\t\t\t<\/div>\n\t\t\t\t\t<\/div>\n\t\t\t\t<\/div>\n\t\t<div class=\"elementor-element elementor-element-438973f e-flex e-con-boxed e-con e-parent\" data-id=\"438973f\" data-element_type=\"container\">\n\t\t\t\t\t<div class=\"e-con-inner\">\n\t\t\t\t<div class=\"elementor-element elementor-element-765e2b4 elementor-widget__width-initial elementor-widget-mobile__width-inherit elementor-widget elementor-widget-text-editor\" data-id=\"765e2b4\" data-element_type=\"widget\" data-widget_type=\"text-editor.default\">\n\t\t\t\t<div class=\"elementor-widget-container\">\n\t\t\t\t\t\t\t\t\t<h2><strong>Termos de Uso<\/strong><\/h2><h4><strong>1. Aceita\u00e7\u00e3o dos Termos<\/strong><\/h4><p>Ao acessar o site da <strong>LZHS &#8211; Tecnologia de Pol\u00edmeros<\/strong>, voc\u00ea concorda em cumprir estes termos de servi\u00e7o, bem como todas as leis e regulamentos aplic\u00e1veis. Caso n\u00e3o concorde com algum desses termos, fica proibido de utilizar ou acessar este site. Todos os materiais contidos neste site s\u00e3o protegidos pelas leis de direitos autorais e marcas comerciais vigentes.<\/p><h4><strong>2. Uso da Licen\u00e7a<\/strong><\/h4><p>\u00c9 concedida uma permiss\u00e3o tempor\u00e1ria para baixar uma c\u00f3pia dos materiais (informa\u00e7\u00f5es ou software) do site da <strong>LZHS &#8211; Tecnologia de Pol\u00edmeros<\/strong>, exclusivamente para uso pessoal e n\u00e3o comercial. Esta concess\u00e3o constitui uma licen\u00e7a de uso, n\u00e3o uma transfer\u00eancia de propriedade. Sob esta licen\u00e7a, voc\u00ea n\u00e3o pode:<\/p><ul><li>Modificar ou copiar os materiais;<\/li><li>Utilizar os materiais para qualquer fim comercial ou exibi\u00e7\u00e3o p\u00fablica (comercial ou n\u00e3o comercial);<\/li><li>Tentar descompilar ou realizar engenharia reversa de qualquer software contido no site;<\/li><li>Remover quaisquer direitos autorais ou outras notifica\u00e7\u00f5es de propriedade dos materiais;<\/li><li>Transferir os materiais para terceiros ou espelh\u00e1-los em outro servidor.<\/li><\/ul><p>Esta licen\u00e7a ser\u00e1 automaticamente revogada caso haja viola\u00e7\u00e3o de qualquer uma dessas restri\u00e7\u00f5es e poder\u00e1 ser rescindida a qualquer momento pela <strong>LZHS &#8211; Tecnologia de Pol\u00edmeros<\/strong>. Ao t\u00e9rmino da licen\u00e7a, voc\u00ea deve excluir todos os materiais baixados, sejam eles eletr\u00f4nicos ou impressos.<\/p><h4><strong>3. Isen\u00e7\u00e3o de Responsabilidade<\/strong><\/h4><p>Os materiais disponibilizados no site da <strong>LZHS &#8211; Tecnologia de Pol\u00edmeros<\/strong> s\u00e3o fornecidos &#8220;como est\u00e3o&#8221;, sem qualquer tipo de garantia, expressa ou impl\u00edcita. A empresa isenta-se de quaisquer garantias, incluindo, sem limita\u00e7\u00e3o, garantias impl\u00edcitas de comercializa\u00e7\u00e3o, adequa\u00e7\u00e3o a um prop\u00f3sito espec\u00edfico ou n\u00e3o viola\u00e7\u00e3o de propriedade intelectual. Al\u00e9m disso, a <strong>LZHS &#8211; Tecnologia de Pol\u00edmeros<\/strong> n\u00e3o garante a precis\u00e3o, confiabilidade ou resultados do uso dos materiais disponibilizados no site ou em sites vinculados.<\/p><h4><strong>4. Limita\u00e7\u00f5es de Responsabilidade<\/strong><\/h4><p>Em nenhuma circunst\u00e2ncia a <strong>LZHS &#8211; Tecnologia de Pol\u00edmeros<\/strong> ou seus fornecedores ser\u00e3o respons\u00e1veis por quaisquer danos (incluindo, sem limita\u00e7\u00e3o, perda de dados, lucro cessante ou interrup\u00e7\u00e3o de neg\u00f3cios) resultantes do uso ou da incapacidade de uso dos materiais no site, mesmo que a empresa tenha sido informada da possibilidade desses danos. Algumas jurisdi\u00e7\u00f5es n\u00e3o permitem limita\u00e7\u00f5es de garantias impl\u00edcitas ou de responsabilidade por danos incidentais ou consequentes, portanto essas limita\u00e7\u00f5es podem n\u00e3o se aplicar a voc\u00ea.<\/p><h4><strong>5. Precis\u00e3o dos Materiais<\/strong><\/h4><p>Os materiais exibidos no site da <strong>LZHS &#8211; Tecnologia de Pol\u00edmeros<\/strong> podem conter erros t\u00e9cnicos, tipogr\u00e1ficos ou fotogr\u00e1ficos. A empresa n\u00e3o garante que qualquer material presente no site seja preciso, completo ou atualizado. A <strong>LZHS &#8211; Tecnologia de Pol\u00edmeros<\/strong> pode modificar os materiais dispon\u00edveis no site a qualquer momento, sem aviso pr\u00e9vio, mas n\u00e3o se compromete a atualiz\u00e1-los regularmente.<\/p><h4><strong>6. Links para Terceiros<\/strong><\/h4><p>A <strong>LZHS &#8211; Tecnologia de Pol\u00edmeros<\/strong> n\u00e3o analisou todos os sites vinculados ao seu dom\u00ednio e n\u00e3o se responsabiliza pelo conte\u00fado de qualquer site externo. A inclus\u00e3o de links n\u00e3o implica endosso por parte da empresa. O uso de qualquer site vinculado \u00e9 de inteira responsabilidade do usu\u00e1rio.<\/p><h4><strong>7. Modifica\u00e7\u00f5es nos Termos de Servi\u00e7o<\/strong><\/h4><p>A <strong>LZHS &#8211; Tecnologia de Pol\u00edmeros<\/strong> pode revisar estes termos de servi\u00e7o a qualquer momento, sem aviso pr\u00e9vio. Ao continuar utilizando o site, voc\u00ea concorda com a vers\u00e3o mais recente dos termos.<\/p><h4><strong>8. Lei Aplic\u00e1vel<\/strong><\/h4><p>Estes termos e condi\u00e7\u00f5es s\u00e3o regidos e interpretados de acordo com as leis vigentes no territ\u00f3rio da <strong>LZHS &#8211; Tecnologia de Pol\u00edmeros<\/strong>. Qualquer disputa ou controv\u00e9rsia relacionada a este documento ser\u00e1 submetida \u00e0 jurisdi\u00e7\u00e3o exclusiva dos tribunais competentes da localidade onde a empresa est\u00e1 estabelecida.<\/p>\t\t\t\t\t\t\t\t<\/div>\n\t\t\t\t<\/div>\n\t\t\t\t\t<\/div>\n\t\t\t\t<\/div>\n\t\t\t\t<\/div>\n\t\t","protected":false},"excerpt":{"rendered":"<p>Voltar para o site Termos de Uso 1. Aceita\u00e7\u00e3o dos Termos Ao acessar o site da LZHS &#8211; Tecnologia de Pol\u00edmeros, voc\u00ea concorda em cumprir estes termos de servi\u00e7o, bem como todas as leis e regulamentos aplic\u00e1veis. Caso n\u00e3o concorde com algum desses termos, fica proibido de utilizar ou acessar este site. Todos os materiais [&hellip;]<\/p>\n","protected":false},"author":1,"featured_media":0,"parent":0,"menu_order":0,"comment_status":"closed","ping_status":"closed","template":"elementor_canvas","meta":{"footnotes":""},"class_list":["post-896","page","type-page","status-publish","hentry"],"_links":{"self":[{"href":"https:\/\/lzhstecpol.com.br\/pt\/wp-json\/wp\/v2\/pages\/896","targetHints":{"allow":["GET"]}}],"collection":[{"href":"https:\/\/lzhstecpol.com.br\/pt\/wp-json\/wp\/v2\/pages"}],"about":[{"href":"https:\/\/lzhstecpol.com.br\/pt\/wp-json\/wp\/v2\/types\/page"}],"author":[{"embeddable":true,"href":"https:\/\/lzhstecpol.com.br\/pt\/wp-json\/wp\/v2\/users\/1"}],"replies":[{"embeddable":true,"href":"https:\/\/lzhstecpol.com.br\/pt\/wp-json\/wp\/v2\/comments?post=896"}],"version-history":[{"count":0,"href":"https:\/\/lzhstecpol.com.br\/pt\/wp-json\/wp\/v2\/pages\/896\/revisions"}],"wp:attachment":[{"href":"https:\/\/lzhstecpol.com.br\/pt\/wp-json\/wp\/v2\/media?parent=896"}],"curies":[{"name":"wp","href":"https:\/\/api.w.org\/{rel}","templated":true}]}}